{"id":168,"date":"2023-08-26T00:45:07","date_gmt":"2023-08-26T00:45:07","guid":{"rendered":"https:\/\/www.vipescort.com.mx\/ws\/?page_id=168"},"modified":"2023-09-17T03:27:41","modified_gmt":"2023-09-17T03:27:41","slug":"inicio","status":"publish","type":"page","link":"https:\/\/www.vipescort.com.mx\/ws\/inicio\/","title":{"rendered":"Inicio"},"content":{"rendered":"\n\n\n<h2>VIP Escort Services<\/h2>\n\n\n\n\n\n\n\n\n\n\n<p><br><\/p>\n<p>Queremos que nuestros clientes reciban el mejor servicio y queden completamente satisfechos. Hemos fundado <span style=\"color:#dda90d;\">VIP Escort Services<\/span> con la misi\u00f3n de ofrecer un aut\u00e9ntico servicio de acompa\u00f1antes de alto nivel, contamos con los&nbsp; estandares mas altos de la ciudad.<\/p><p><br><\/p>\n\n\n","protected":false},"excerpt":{"rendered":"","protected":false},"author":1,"featured_media":0,"parent":0,"menu_order":0,"comment_status":"closed","ping_status":"closed","template":"templates\/no-sidebar.php","meta":{"pagelayer_contact_templates":[],"_pagelayer_content":"","footnotes":""},"class_list":["post-168","page","type-page","status-publish","hentry"],"_links":{"self":[{"href":"https:\/\/www.vipescort.com.mx\/ws\/wp-json\/wp\/v2\/pages\/168","targetHints":{"allow":["GET"]}}],"collection":[{"href":"https:\/\/www.vipescort.com.mx\/ws\/wp-json\/wp\/v2\/pages"}],"about":[{"href":"https:\/\/www.vipescort.com.mx\/ws\/wp-json\/wp\/v2\/types\/page"}],"author":[{"embeddable":true,"href":"https:\/\/www.vipescort.com.mx\/ws\/wp-json\/wp\/v2\/users\/1"}],"replies":[{"embeddable":true,"href":"https:\/\/www.vipescort.com.mx\/ws\/wp-json\/wp\/v2\/comments?post=168"}],"version-history":[{"count":18,"href":"https:\/\/www.vipescort.com.mx\/ws\/wp-json\/wp\/v2\/pages\/168\/revisions"}],"predecessor-version":[{"id":645,"href":"https:\/\/www.vipescort.com.mx\/ws\/wp-json\/wp\/v2\/pages\/168\/revisions\/645"}],"wp:attachment":[{"href":"https:\/\/www.vipescort.com.mx\/ws\/wp-json\/wp\/v2\/media?parent=168"}],"curies":[{"name":"wp","href":"https:\/\/api.w.org\/{rel}","templated":true}]}}